{"id":4750,"date":"2024-07-22T21:48:12","date_gmt":"2024-07-22T18:48:12","guid":{"rendered":"https:\/\/judaicart.co.il\/product\/fontaine-a-vin-rotative-en-cristal\/"},"modified":"2024-07-22T22:24:13","modified_gmt":"2024-07-22T19:24:13","slug":"fontaine-a-vin-rotative-en-cristal","status":"publish","type":"product","link":"https:\/\/judaicart.co.il\/fr\/produit\/fontaine-a-vin-rotative-en-cristal\/","title":{"rendered":"Fontaine \u00e0 vin rotative en cristal"},"content":{"rendered":"","protected":false},"excerpt":{"rendered":"<h3 class=\"product-name\" style=\"text-align: left;\">Fontaine \u00e0 vin rotative, raffin\u00e9e avec 8 verres color\u00e9s 25&#215;33 cm<\/h3>\n<div class=\"field-group\" style=\"text-align: left;\"><strong><span class=\"title\">Largeur :<\/span><\/strong> <span class=\"text\">33 cm<\/span><\/div>\n<div class=\"field-group\" style=\"text-align: left;\"><strong><span class=\"title\">Profondeur :<\/span><\/strong> <span class=\"text\">25 cm<\/span><\/div>\n<div class=\"field-group\" style=\"text-align: left;\"><strong><span class=\"title\">Materiau:<\/span><\/strong> <span class=\"text\">Cristal<\/span><\/div>\n<div class=\"field-group\" style=\"text-align: left;\"><strong><span class=\"title\">Poids:<\/span><\/strong> <span class=\"text\">3.9 kg<\/span><\/div>\n<div class=\"field-group\" style=\"text-align: left;\"><strong><span class=\"title\">Taille:<\/span><\/strong> <span class=\"text\">33 cm<\/span><\/div>\n","protected":false},"featured_media":4939,"comment_status":"open","ping_status":"closed","template":"","meta":[],"product_brand":[],"product_cat":[151],"product_tag":[],"class_list":{"0":"post-4750","1":"product","2":"type-product","3":"status-publish","4":"has-post-thumbnail","6":"product_cat-wine-dividers","7":false,"9":"has-post-title","10":"has-post-date","11":"has-post-category","12":"has-post-tag","13":"has-post-comment","14":"has-post-author","17":"first","18":"instock","19":"shipping-taxable","20":"purchasable","21":"product-type-simple"},"jetpack_sharing_enabled":true,"builder_content":"","_links":{"self":[{"href":"https:\/\/judaicart.co.il\/fr\/wp-json\/wp\/v2\/product\/4750","targetHints":{"allow":["GET"]}}],"collection":[{"href":"https:\/\/judaicart.co.il\/fr\/wp-json\/wp\/v2\/product"}],"about":[{"href":"https:\/\/judaicart.co.il\/fr\/wp-json\/wp\/v2\/types\/product"}],"replies":[{"embeddable":true,"href":"https:\/\/judaicart.co.il\/fr\/wp-json\/wp\/v2\/comments?post=4750"}],"wp:featuredmedia":[{"embeddable":true,"href":"https:\/\/judaicart.co.il\/fr\/wp-json\/wp\/v2\/media\/4939"}],"wp:attachment":[{"href":"https:\/\/judaicart.co.il\/fr\/wp-json\/wp\/v2\/media?parent=4750"}],"wp:term":[{"taxonomy":"product_brand","embeddable":true,"href":"https:\/\/judaicart.co.il\/fr\/wp-json\/wp\/v2\/product_brand?post=4750"},{"taxonomy":"product_cat","embeddable":true,"href":"https:\/\/judaicart.co.il\/fr\/wp-json\/wp\/v2\/product_cat?post=4750"},{"taxonomy":"product_tag","embeddable":true,"href":"https:\/\/judaicart.co.il\/fr\/wp-json\/wp\/v2\/product_tag?post=4750"}],"curies":[{"name":"wp","href":"https:\/\/api.w.org\/{rel}","templated":true}]}}