{"id":4416,"date":"2024-06-16T11:26:36","date_gmt":"2024-06-16T08:26:36","guid":{"rendered":"https:\/\/judaicart.co.il\/product\/fontaine-a-vin-coloree-1\/"},"modified":"2024-07-23T22:33:27","modified_gmt":"2024-07-23T19:33:27","slug":"my46613","status":"publish","type":"product","link":"https:\/\/judaicart.co.il\/fr\/produit\/my46613\/","title":{"rendered":"Fontaine \u00e0 vin 1 alu color\u00e9e"},"content":{"rendered":"","protected":false},"excerpt":{"rendered":"<h3 class=\"product-name\" style=\"text-align: left;\">\u00c9l\u00e9gant distributeur de vin en aluminium avec 8 verres &#8211; color\u00e9<\/h3>\n<div class=\"field-group\" style=\"text-align: left;\"><strong><span class=\"title\">Longueur\/hauteur :<\/span><\/strong> <span class=\"text\">21 cm<\/span><\/div>\n<div class=\"field-group\" style=\"text-align: left;\"><strong><span class=\"title\">Mat\u00e9riau :<\/span><\/strong> <span class=\"text\">aluminium<\/span><\/div>\n<div class=\"field-group\" style=\"text-align: left;\"><strong><span class=\"title\">Poids :<\/span><\/strong> <span class=\"text\">1,6kg<\/span><\/div>\n<div class=\"field-group\" style=\"text-align: left;\"><strong><span class=\"title\">Taille :<\/span><\/strong> <span class=\"text\">21 cm<\/span><\/div>\n","protected":false},"featured_media":5010,"comment_status":"open","ping_status":"closed","template":"","meta":[],"product_brand":[],"product_cat":[151],"product_tag":[],"class_list":{"0":"post-4416","1":"product","2":"type-product","3":"status-publish","4":"has-post-thumbnail","6":"product_cat-wine-dividers","7":false,"9":"has-post-title","10":"has-post-date","11":"has-post-category","12":"has-post-tag","13":"has-post-comment","14":"has-post-author","17":"first","18":"instock","19":"shipping-taxable","20":"purchasable","21":"product-type-simple"},"jetpack_sharing_enabled":true,"builder_content":"","_links":{"self":[{"href":"https:\/\/judaicart.co.il\/fr\/wp-json\/wp\/v2\/product\/4416","targetHints":{"allow":["GET"]}}],"collection":[{"href":"https:\/\/judaicart.co.il\/fr\/wp-json\/wp\/v2\/product"}],"about":[{"href":"https:\/\/judaicart.co.il\/fr\/wp-json\/wp\/v2\/types\/product"}],"replies":[{"embeddable":true,"href":"https:\/\/judaicart.co.il\/fr\/wp-json\/wp\/v2\/comments?post=4416"}],"wp:featuredmedia":[{"embeddable":true,"href":"https:\/\/judaicart.co.il\/fr\/wp-json\/wp\/v2\/media\/5010"}],"wp:attachment":[{"href":"https:\/\/judaicart.co.il\/fr\/wp-json\/wp\/v2\/media?parent=4416"}],"wp:term":[{"taxonomy":"product_brand","embeddable":true,"href":"https:\/\/judaicart.co.il\/fr\/wp-json\/wp\/v2\/product_brand?post=4416"},{"taxonomy":"product_cat","embeddable":true,"href":"https:\/\/judaicart.co.il\/fr\/wp-json\/wp\/v2\/product_cat?post=4416"},{"taxonomy":"product_tag","embeddable":true,"href":"https:\/\/judaicart.co.il\/fr\/wp-json\/wp\/v2\/product_tag?post=4416"}],"curies":[{"name":"wp","href":"https:\/\/api.w.org\/{rel}","templated":true}]}}