{"id":4360,"date":"2024-06-25T16:10:34","date_gmt":"2024-06-25T13:10:34","guid":{"rendered":"https:\/\/judaicart.co.il\/product\/fonds-caritatif-perspex\/"},"modified":"2024-07-21T00:01:46","modified_gmt":"2024-07-20T21:01:46","slug":"kt47261","status":"publish","type":"product","link":"https:\/\/judaicart.co.il\/fr\/produit\/kt47261\/","title":{"rendered":"Boite de Ts\u00e9daka en plexiglas"},"content":{"rendered":"","protected":false},"excerpt":{"rendered":"<h3 class=\"product-name\" style=\"text-align: left;\">Bo\u00eete de Ts\u00e9daka en plexiglas avec plaque argent\u00e9e 11 x 12 cm<\/h3>\n<div class=\"field-group\" style=\"text-align: left;\"><strong><span class=\"title\">Longueur\/hauteur :<\/span><\/strong> <span class=\"text\">12 cm<\/span><\/div>\n<div class=\"field-group\" style=\"text-align: left;\"><strong><span class=\"title\">Mat\u00e9riau:<\/span><\/strong> <span class=\"text\">Acrylique<\/span><\/div>\n<div class=\"field-group\" style=\"text-align: left;\"><strong><span class=\"title\">Poids :<\/span><\/strong> <span class=\"text\">0,59 kg<\/span><\/div>\n<div class=\"field-group\" style=\"text-align: left;\"><strong><span class=\"title\">Taille :<\/span><\/strong> <span class=\"text\">12 cm<\/span><\/div>\n","protected":false},"featured_media":5076,"comment_status":"open","ping_status":"closed","template":"","meta":[],"product_brand":[],"product_cat":[153],"product_tag":[],"class_list":{"0":"post-4360","1":"product","2":"type-product","3":"status-publish","4":"has-post-thumbnail","6":"product_cat-tzedakah-boxes","7":false,"9":"has-post-title","10":"has-post-date","11":"has-post-category","12":"has-post-tag","13":"has-post-comment","14":"has-post-author","17":"first","18":"instock","19":"shipping-taxable","20":"purchasable","21":"product-type-simple"},"jetpack_sharing_enabled":true,"builder_content":"","_links":{"self":[{"href":"https:\/\/judaicart.co.il\/fr\/wp-json\/wp\/v2\/product\/4360","targetHints":{"allow":["GET"]}}],"collection":[{"href":"https:\/\/judaicart.co.il\/fr\/wp-json\/wp\/v2\/product"}],"about":[{"href":"https:\/\/judaicart.co.il\/fr\/wp-json\/wp\/v2\/types\/product"}],"replies":[{"embeddable":true,"href":"https:\/\/judaicart.co.il\/fr\/wp-json\/wp\/v2\/comments?post=4360"}],"wp:featuredmedia":[{"embeddable":true,"href":"https:\/\/judaicart.co.il\/fr\/wp-json\/wp\/v2\/media\/5076"}],"wp:attachment":[{"href":"https:\/\/judaicart.co.il\/fr\/wp-json\/wp\/v2\/media?parent=4360"}],"wp:term":[{"taxonomy":"product_brand","embeddable":true,"href":"https:\/\/judaicart.co.il\/fr\/wp-json\/wp\/v2\/product_brand?post=4360"},{"taxonomy":"product_cat","embeddable":true,"href":"https:\/\/judaicart.co.il\/fr\/wp-json\/wp\/v2\/product_cat?post=4360"},{"taxonomy":"product_tag","embeddable":true,"href":"https:\/\/judaicart.co.il\/fr\/wp-json\/wp\/v2\/product_tag?post=4360"}],"curies":[{"name":"wp","href":"https:\/\/api.w.org\/{rel}","templated":true}]}}