{"id":4356,"date":"2024-06-25T16:38:45","date_gmt":"2024-06-25T13:38:45","guid":{"rendered":"https:\/\/judaicart.co.il\/product\/distributeur-de-vin-colore-2\/"},"modified":"2024-07-23T22:32:07","modified_gmt":"2024-07-23T19:32:07","slug":"my44972","status":"publish","type":"product","link":"https:\/\/judaicart.co.il\/fr\/produit\/my44972\/","title":{"rendered":"Fontaine \u00e0 vin 2 alu color\u00e9e"},"content":{"rendered":"","protected":false},"excerpt":{"rendered":"<h3 class=\"product-name\" style=\"text-align: left;\">\u00c9l\u00e9gant distributeur de vin en aluminium avec 8 verres &#8211; color\u00e9 2<\/h3>\n<div class=\"field-group\" style=\"text-align: left;\"><strong><span class=\"title\">Longueur\/hauteur :<\/span><\/strong> <span class=\"text\">21 cm<\/span><\/div>\n<div class=\"field-group\" style=\"text-align: left;\"><strong><span class=\"title\">Mat\u00e9riau :<\/span><\/strong> <span class=\"text\">aluminium<\/span><\/div>\n<div class=\"field-group\" style=\"text-align: left;\"><strong><span class=\"title\">Couleur:<\/span><\/strong> <span class=\"text\">color\u00e9<\/span><\/div>\n<div class=\"field-group\" style=\"text-align: left;\"><strong><span class=\"title\">Poids :<\/span><\/strong> <span class=\"text\">1,6kg<\/span><\/div>\n<div class=\"field-group\" style=\"text-align: left;\"><strong><span class=\"title\">Taille :<\/span><\/strong> <span class=\"text\">21 cm<\/span><\/div>\n","protected":false},"featured_media":4998,"comment_status":"open","ping_status":"closed","template":"","meta":[],"product_brand":[],"product_cat":[151],"product_tag":[],"class_list":{"0":"post-4356","1":"product","2":"type-product","3":"status-publish","4":"has-post-thumbnail","6":"product_cat-wine-dividers","7":false,"9":"has-post-title","10":"has-post-date","11":"has-post-category","12":"has-post-tag","13":"has-post-comment","14":"has-post-author","17":"first","18":"instock","19":"shipping-taxable","20":"purchasable","21":"product-type-simple"},"jetpack_sharing_enabled":true,"builder_content":"","_links":{"self":[{"href":"https:\/\/judaicart.co.il\/fr\/wp-json\/wp\/v2\/product\/4356","targetHints":{"allow":["GET"]}}],"collection":[{"href":"https:\/\/judaicart.co.il\/fr\/wp-json\/wp\/v2\/product"}],"about":[{"href":"https:\/\/judaicart.co.il\/fr\/wp-json\/wp\/v2\/types\/product"}],"replies":[{"embeddable":true,"href":"https:\/\/judaicart.co.il\/fr\/wp-json\/wp\/v2\/comments?post=4356"}],"wp:featuredmedia":[{"embeddable":true,"href":"https:\/\/judaicart.co.il\/fr\/wp-json\/wp\/v2\/media\/4998"}],"wp:attachment":[{"href":"https:\/\/judaicart.co.il\/fr\/wp-json\/wp\/v2\/media?parent=4356"}],"wp:term":[{"taxonomy":"product_brand","embeddable":true,"href":"https:\/\/judaicart.co.il\/fr\/wp-json\/wp\/v2\/product_brand?post=4356"},{"taxonomy":"product_cat","embeddable":true,"href":"https:\/\/judaicart.co.il\/fr\/wp-json\/wp\/v2\/product_cat?post=4356"},{"taxonomy":"product_tag","embeddable":true,"href":"https:\/\/judaicart.co.il\/fr\/wp-json\/wp\/v2\/product_tag?post=4356"}],"curies":[{"name":"wp","href":"https:\/\/api.w.org\/{rel}","templated":true}]}}